{"id":214,"date":"2021-11-11T13:13:26","date_gmt":"2021-11-11T12:13:26","guid":{"rendered":"https:\/\/www.cibuc.com\/nueva\/?page_id=214"},"modified":"2022-01-05T11:19:42","modified_gmt":"2022-01-05T10:19:42","slug":"contacto","status":"publish","type":"page","link":"https:\/\/www.cibuc.com\/nueva\/contacto\/","title":{"rendered":"Contacto"},"content":{"rendered":"\t\t<div data-elementor-type=\"wp-page\" data-elementor-id=\"214\" data-post-id=\"214\" data-obj-id=\"214\" class=\"elementor elementor-214 dce-elementor-post-214\" data-elementor-settings=\"[]\">\n\t\t\t\t\t\t<div class=\"elementor-inner\">\n\t\t\t\t\t\t\t<div class=\"elementor-section-wrap\">\n\t\t\t\t\t\t\t<section data-dce-background-color=\"#FFFFFF\" class=\"elementor-section elementor-top-section elementor-element elementor-element-bd03f2c elementor-reverse-tablet elementor-reverse-mobile elementor-section-boxed elementor-section-height-default elementor-section-height-default\" data-id=\"bd03f2c\" data-element_type=\"section\" data-settings=\"{&quot;background_background&quot;:&quot;classic&quot;}\">\n\t\t\t\t\t\t<div class=\"elementor-container elementor-column-gap-default\">\n\t\t\t\t\t\t\t<div class=\"elementor-row\">\n\t\t\t\t\t<div class=\"elementor-column elementor-col-33 elementor-top-column elementor-element elementor-element-5ef290f elementor-invisible\" data-id=\"5ef290f\" data-element_type=\"column\" data-settings=\"{&quot;animation&quot;:&quot;fadeInLeft&quot;}\">\n\t\t\t<div class=\"elementor-column-wrap elementor-element-populated\">\n\t\t\t\t\t\t\t<div class=\"elementor-widget-wrap\">\n\t\t\t\t\t\t<div class=\"elementor-element elementor-element-b2216a4 elementor-view-default elementor-widget elementor-widget-icon\" data-id=\"b2216a4\" data-element_type=\"widget\" data-widget_type=\"icon.default\">\n\t\t\t\t<div class=\"elementor-widget-container\">\n\t\t\t\t\t<div class=\"elementor-icon-wrapper\">\n\t\t\t<div class=\"elementor-icon\">\n\t\t\t<i aria-hidden=\"true\" class=\"far fa-envelope\"><\/i>\t\t\t<\/div>\n\t\t<\/div>\n\t\t\t\t<\/div>\n\t\t\t\t<\/div>\n\t\t\t\t<div class=\"elementor-element elementor-element-eef4c23 elementor-widget elementor-widget-text-editor\" data-id=\"eef4c23\" data-element_type=\"widget\" data-widget_type=\"text-editor.default\">\n\t\t\t\t<div class=\"elementor-widget-container\">\n\t\t\t\t\t\t\t\t<div class=\"elementor-text-editor elementor-clearfix\">\n\t\t\t\t<p>info@innovationwars.es<\/p>\t\t\t\t\t<\/div>\n\t\t\t\t\t\t<\/div>\n\t\t\t\t<\/div>\n\t\t\t\t<div class=\"elementor-element elementor-element-9ccf853 elementor-view-default elementor-widget elementor-widget-icon\" data-id=\"9ccf853\" data-element_type=\"widget\" data-widget_type=\"icon.default\">\n\t\t\t\t<div class=\"elementor-widget-container\">\n\t\t\t\t\t<div class=\"elementor-icon-wrapper\">\n\t\t\t<div class=\"elementor-icon\">\n\t\t\t<i aria-hidden=\"true\" class=\"fas fa-phone\"><\/i>\t\t\t<\/div>\n\t\t<\/div>\n\t\t\t\t<\/div>\n\t\t\t\t<\/div>\n\t\t\t\t<div class=\"elementor-element elementor-element-931f131 elementor-widget elementor-widget-text-editor\" data-id=\"931f131\" data-element_type=\"widget\" data-widget_type=\"text-editor.default\">\n\t\t\t\t<div class=\"elementor-widget-container\">\n\t\t\t\t\t\t\t\t<div class=\"elementor-text-editor elementor-clearfix\">\n\t\t\t\t<p class=\"centrar\">+34 620 26 80 77 \u2013 Espa\u00f1ol<\/p><p class=\"centrar\">+34 654 06 80 01 \u2013 English Too<\/p><p class=\"centrar\">Horario de atenci\u00f3n:<\/p><p class=\"centrar\">24 horas<\/p>\t\t\t\t\t<\/div>\n\t\t\t\t\t\t<\/div>\n\t\t\t\t<\/div>\n\t\t\t\t<div class=\"elementor-element elementor-element-8cda9b6 elementor-view-default elementor-widget elementor-widget-icon\" data-id=\"8cda9b6\" data-element_type=\"widget\" data-widget_type=\"icon.default\">\n\t\t\t\t<div class=\"elementor-widget-container\">\n\t\t\t\t\t<div class=\"elementor-icon-wrapper\">\n\t\t\t<div class=\"elementor-icon\">\n\t\t\t<i aria-hidden=\"true\" class=\"fas fa-map-pin\"><\/i>\t\t\t<\/div>\n\t\t<\/div>\n\t\t\t\t<\/div>\n\t\t\t\t<\/div>\n\t\t\t\t<div class=\"elementor-element elementor-element-fcb8ae3 elementor-widget elementor-widget-text-editor\" data-id=\"fcb8ae3\" data-element_type=\"widget\" data-widget_type=\"text-editor.default\">\n\t\t\t\t<div class=\"elementor-widget-container\">\n\t\t\t\t\t\t\t\t<div class=\"elementor-text-editor elementor-clearfix\">\n\t\t\t\t<p class=\"centrar\">Innovation Wars SL<\/p><p class=\"centrar\">Calle Doctor Esquerdo, 170 2\u00ba<\/p><p class=\"centrar\">28007 Madrid<\/p>\t\t\t\t\t<\/div>\n\t\t\t\t\t\t<\/div>\n\t\t\t\t<\/div>\n\t\t\t\t\t\t<\/div>\n\t\t\t\t\t<\/div>\n\t\t<\/div>\n\t\t\t\t<div class=\"elementor-column elementor-col-66 elementor-top-column elementor-element elementor-element-dcc14ae animated-slow elementor-invisible\" data-id=\"dcc14ae\" data-element_type=\"column\" data-settings=\"{&quot;animation&quot;:&quot;fadeInRight&quot;}\">\n\t\t\t<div class=\"elementor-column-wrap elementor-element-populated\">\n\t\t\t\t\t\t\t<div class=\"elementor-widget-wrap\">\n\t\t\t\t\t\t<div class=\"elementor-element elementor-element-3daab03 elementor-widget elementor-widget-heading\" data-id=\"3daab03\" data-element_type=\"widget\" data-widget_type=\"heading.default\">\n\t\t\t\t<div class=\"elementor-widget-container\">\n\t\t\t<h1 class=\"elementor-heading-title elementor-size-default\">\n\u00bfQu\u00e9 te gustar\u00eda saber?<\/h1>\t\t<\/div>\n\t\t\t\t<\/div>\n\t\t\t\t<div class=\"elementor-element elementor-element-f58c77d elementor-widget__width-initial elementor-button-align-stretch elementor-widget elementor-widget-form\" data-id=\"f58c77d\" data-element_type=\"widget\" data-settings=\"{&quot;step_next_label&quot;:&quot;Next&quot;,&quot;step_previous_label&quot;:&quot;Previous&quot;,&quot;button_width&quot;:&quot;100&quot;,&quot;step_type&quot;:&quot;number_text&quot;,&quot;step_icon_shape&quot;:&quot;circle&quot;,&quot;label_icon_size&quot;:{&quot;unit&quot;:&quot;px&quot;,&quot;size&quot;:&quot;&quot;,&quot;sizes&quot;:[]},&quot;field_icon_size&quot;:{&quot;unit&quot;:&quot;px&quot;,&quot;size&quot;:&quot;&quot;,&quot;sizes&quot;:[]}}\" data-widget_type=\"form.default\">\n\t\t\t\t<div class=\"elementor-widget-container\">\n\t\t\t\t\t<form class=\"elementor-form\" method=\"post\" name=\"New Form\">\n\t\t\t<input type=\"hidden\" name=\"post_id\" value=\"214\"\/>\n\t\t\t<input type=\"hidden\" name=\"form_id\" value=\"f58c77d\"\/>\n\t\t\t<input type=\"hidden\" name=\"referer_title\" value=\"CiBUC\" \/>\n\n\t\t\t\n\t\t\t<div class=\"elementor-form-fields-wrapper elementor-labels-\">\n\t\t\t\t\t\t\t\t<div class=\"elementor-field-type-text elementor-field-group elementor-column elementor-field-group-name elementor-col-100\">\n\t\t\t\t\t\t\t\t\t\t\t\t<label for=\"form-field-name\" class=\"elementor-field-label elementor-screen-only\">\n\t\t\t\t\t\t\t\tNombre y Apellidos\t\t\t\t\t\t\t<\/label>\n\t\t\t\t\t\t\t\t\t\t\t\t\t\t<input size=\"1\" type=\"text\" name=\"form_fields[name]\" id=\"form-field-name\" class=\"elementor-field elementor-size-md  elementor-field-textual\" placeholder=\"Nombre y Apellidos\">\n\t\t\t\t\t\t\t\t\t\t\t<\/div>\n\t\t\t\t\t\t\t\t<div class=\"elementor-field-type-email elementor-field-group elementor-column elementor-field-group-email elementor-col-100 elementor-field-required\">\n\t\t\t\t\t\t\t\t\t\t\t\t<label for=\"form-field-email\" class=\"elementor-field-label elementor-screen-only\">\n\t\t\t\t\t\t\t\tEmail\t\t\t\t\t\t\t<\/label>\n\t\t\t\t\t\t\t\t\t\t\t\t\t\t<input size=\"1\" type=\"email\" name=\"form_fields[email]\" id=\"form-field-email\" class=\"elementor-field elementor-size-md  elementor-field-textual\" placeholder=\"Email\" required=\"required\" aria-required=\"true\">\n\t\t\t\t\t\t\t\t\t\t\t<\/div>\n\t\t\t\t\t\t\t\t<div class=\"elementor-field-type-textarea elementor-field-group elementor-column elementor-field-group-message elementor-col-100\">\n\t\t\t\t\t\t\t\t\t\t\t\t<label for=\"form-field-message\" class=\"elementor-field-label elementor-screen-only\">\n\t\t\t\t\t\t\t\tMensaje\t\t\t\t\t\t\t<\/label>\n\t\t\t\t\t\t<textarea class=\"elementor-field-textual elementor-field  elementor-size-md\" name=\"form_fields[message]\" id=\"form-field-message\" rows=\"4\" placeholder=\"Escribe aqu\u00ed tu mensaje\"><\/textarea>\t\t\t\t<\/div>\n\t\t\t\t\t\t\t\t<div class=\"elementor-field-type-html elementor-field-group elementor-column elementor-field-group-field_5e08f52 elementor-col-100\">\n\t\t\t\t\t<h6 style=\"color:white;\">Consentimiento:<\/h6>\t\t\t\t<\/div>\n\t\t\t\t\t\t\t\t<div class=\"elementor-field-type-acceptance elementor-field-group elementor-column elementor-field-group-field_bb33136 elementor-col-100 elementor-field-required\">\n\t\t\t\t\t\t\t<div class=\"elementor-field-subgroup\">\n\t\t\t<span class=\"elementor-field-option\">\n\t\t\t\t<input type=\"checkbox\" name=\"form_fields[field_bb33136]\" id=\"form-field-field_bb33136\" class=\"elementor-field elementor-size-md  elementor-acceptance-field\" required=\"required\" aria-required=\"true\">\n\t\t\t\t<label for=\"form-field-field_bb33136\">He le\u00eddo y acepto la <a href=\"\/politica-de-privacidad\/\">Pol\u00edtica de privacidad<\/a> y autorizo el tratamiento de mis datos con la finalidad indicada.<\/label>\t\t\t<\/span>\n\t\t<\/div>\n\t\t\t\t\t\t<\/div>\n\t\t\t\t\t\t\t\t<div class=\"elementor-field-type-acceptance elementor-field-group elementor-column elementor-field-group-field_9df91b8 elementor-col-100\">\n\t\t\t\t\t\t\t<div class=\"elementor-field-subgroup\">\n\t\t\t<span class=\"elementor-field-option\">\n\t\t\t\t<input type=\"checkbox\" name=\"form_fields[field_9df91b8]\" id=\"form-field-field_9df91b8\" class=\"elementor-field elementor-size-md  elementor-acceptance-field\">\n\t\t\t\t<label for=\"form-field-field_9df91b8\">Acepto el env\u00edo de comunicaciones publicitarias por parte del responsable.<\/label>\t\t\t<\/span>\n\t\t<\/div>\n\t\t\t\t\t\t<\/div>\n\t\t\t\t\t\t\t\t<div class=\"elementor-field-type-recaptcha_v3 elementor-field-group elementor-column elementor-field-group-field_0c8beed elementor-col-100 recaptcha_v3-bottomright\">\n\t\t\t\t\t<div class=\"elementor-field\" id=\"form-field-field_0c8beed\"><div class=\"elementor-g-recaptcha\" data-sitekey=\"6LeHDV8dAAAAAPbGk3m4rCLbwmbFCFwhjz9_VX3A\" data-type=\"v3\" data-action=\"Form\" data-badge=\"bottomright\" data-size=\"invisible\"><\/div><\/div>\t\t\t\t<\/div>\n\t\t\t\t\t\t\t\t<div class=\"elementor-field-group elementor-column elementor-field-type-submit elementor-col-100 e-form__buttons\">\n\t\t\t\t\t<button type=\"submit\" class=\"elementor-button elementor-size-sm\">\n\t\t\t\t\t\t<span >\n\t\t\t\t\t\t\t\t\t\t\t\t\t\t\t<span class=\" elementor-button-icon\">\n\t\t\t\t\t\t\t\t\t\t\t\t\t\t\t\t\t\t\t\t\t\t\t\t\t\t<\/span>\n\t\t\t\t\t\t\t\t\t\t\t\t\t\t\t\t\t\t\t\t\t\t<span class=\"elementor-button-text\">ENVIAR<\/span>\n\t\t\t\t\t\t\t\t\t\t\t\t\t<\/span>\n\t\t\t\t\t<\/button>\n\t\t\t\t<\/div>\n\t\t\t<\/div>\n\t\t<\/form>\n\t\t\t\t<\/div>\n\t\t\t\t<\/div>\n\t\t\t\t<div class=\"elementor-element elementor-element-1e1b19a elementor-widget elementor-widget-text-editor\" data-id=\"1e1b19a\" data-element_type=\"widget\" data-widget_type=\"text-editor.default\">\n\t\t\t\t<div class=\"elementor-widget-container\">\n\t\t\t\t\t\t\t\t<div class=\"elementor-text-editor elementor-clearfix\">\n\t\t\t\t<h5>Informaci\u00f3n b\u00e1sica de protecci\u00f3n de datos<\/h5>\n<table>\n<tbody>\n<tr>\n<th>RESPONSABLE<\/th>\n<th>Innovation Wars S.L.<\/th>\n<\/tr>\n<tr>\n<td>Finalidad<\/td>\n<td>Atender su solicitud y contactarle para ofrecerle la informaci\u00f3n solicitada<\/td>\n<\/tr>\n<tr>\n<td>DERECHOS<\/td>\n<td>A acceder, rectificar y suprimir sus datos, as\u00ed como otros derechos detallados en la informaci\u00f3n adicional<\/td>\n<\/tr>\n<tr>\n<td>+ INFO<\/td>\n<td>Puedes encontrar informaci\u00f3n m\u00e1s detallada en nuestra <a href=\"\/politica-de-privacidad\" target=\"_blank\" rel=\"noopener\">Pol\u00edtica de privacidad<\/a><\/td>\n<\/tr>\n<\/tbody>\n<\/table>\t\t\t\t\t<\/div>\n\t\t\t\t\t\t<\/div>\n\t\t\t\t<\/div>\n\t\t\t\t\t\t<\/div>\n\t\t\t\t\t<\/div>\n\t\t<\/div>\n\t\t\t\t\t\t\t\t<\/div>\n\t\t\t\t\t<\/div>\n\t\t<\/section>\n\t\t\t\t\t\t<\/div>\n\t\t\t\t\t\t<\/div>\n\t\t\t\t\t<\/div>\n\t\t","protected":false},"excerpt":{"rendered":"<p>info@innovationwars.es +34 620 26 80 77 \u2013 Espa\u00f1ol +34 654 06 80 01 \u2013 English Too Horario de atenci\u00f3n: 24 horas Innovation Wars SL Calle Doctor Esquerdo, 170 2\u00ba 28007 Madrid \u00bfQu\u00e9 te gustar\u00eda saber? Informaci\u00f3n b\u00e1sica de protecci\u00f3n de datos RESPONSABLE Innovation Wars S.L. Finalidad Atender su solicitud y contactarle para ofrecerle la informaci\u00f3n &#8230; <a title=\"Contacto\" class=\"read-more\" href=\"https:\/\/www.cibuc.com\/nueva\/contacto\/\" aria-label=\"M\u00e1s en Contacto\">Leer m\u00e1s<\/a><\/p>\n","protected":false},"author":1,"featured_media":0,"parent":0,"menu_order":0,"comment_status":"closed","ping_status":"closed","template":"elementor_header_footer","meta":{"footnotes":""},"class_list":["post-214","page","type-page","status-publish"],"acf":[],"yoast_head":"<!-- This site is optimized with the Yoast SEO plugin v17.6 - https:\/\/yoast.com\/wordpress\/plugins\/seo\/ -->\n<title>Contacto - CiBUC<\/title>\n<meta name=\"description\" content=\"\u00bfNecesitas aumentar la productividad de tu empresa gracias a la inteligencia de todos? Muchas empresas lo han probado con \u00e9xito. Contacta con nosotros.\" \/>\n<meta name=\"robots\" content=\"noindex, follow, max-snippet:-1, max-image-preview:large, max-video-preview:-1\" \/>\n<meta property=\"og:locale\" content=\"es_ES\" \/>\n<meta property=\"og:type\" content=\"article\" \/>\n<meta property=\"og:title\" content=\"Contacto - CiBUC\" \/>\n<meta property=\"og:description\" content=\"\u00bfNecesitas aumentar la productividad de tu empresa gracias a la inteligencia de todos? Muchas empresas lo han probado con \u00e9xito. Contacta con nosotros.\" \/>\n<meta property=\"og:url\" content=\"https:\/\/www.cibuc.com\/nueva\/contacto\/\" \/>\n<meta property=\"og:site_name\" content=\"CiBUC\" \/>\n<meta property=\"article:modified_time\" content=\"2022-01-05T10:19:42+00:00\" \/>\n<meta name=\"twitter:card\" content=\"summary_large_image\" \/>\n<meta name=\"twitter:label1\" content=\"Tiempo de lectura\" \/>\n\t<meta name=\"twitter:data1\" content=\"1 minuto\" \/>\n<script type=\"application\/ld+json\" class=\"yoast-schema-graph\">{\"@context\":\"https:\/\/schema.org\",\"@graph\":[{\"@type\":\"WebSite\",\"@id\":\"https:\/\/www.cibuc.com\/nueva\/#website\",\"url\":\"https:\/\/www.cibuc.com\/nueva\/\",\"name\":\"CiBUC\",\"description\":\"Inteligencia Artificial Colectiva\",\"potentialAction\":[{\"@type\":\"SearchAction\",\"target\":{\"@type\":\"EntryPoint\",\"urlTemplate\":\"https:\/\/www.cibuc.com\/nueva\/?s={search_term_string}\"},\"query-input\":\"required name=search_term_string\"}],\"inLanguage\":\"es\"},{\"@type\":\"WebPage\",\"@id\":\"https:\/\/www.cibuc.com\/nueva\/contacto\/#webpage\",\"url\":\"https:\/\/www.cibuc.com\/nueva\/contacto\/\",\"name\":\"Contacto - CiBUC\",\"isPartOf\":{\"@id\":\"https:\/\/www.cibuc.com\/nueva\/#website\"},\"datePublished\":\"2021-11-11T12:13:26+00:00\",\"dateModified\":\"2022-01-05T10:19:42+00:00\",\"description\":\"\\u00bfNecesitas aumentar la productividad de tu empresa gracias a la inteligencia de todos? Muchas empresas lo han probado con \\u00e9xito. Contacta con nosotros.\",\"breadcrumb\":{\"@id\":\"https:\/\/www.cibuc.com\/nueva\/contacto\/#breadcrumb\"},\"inLanguage\":\"es\",\"potentialAction\":[{\"@type\":\"ReadAction\",\"target\":[\"https:\/\/www.cibuc.com\/nueva\/contacto\/\"]}]},{\"@type\":\"BreadcrumbList\",\"@id\":\"https:\/\/www.cibuc.com\/nueva\/contacto\/#breadcrumb\",\"itemListElement\":[{\"@type\":\"ListItem\",\"position\":1,\"name\":\"Home\",\"item\":\"https:\/\/www.cibuc.com\/nueva\/\"},{\"@type\":\"ListItem\",\"position\":2,\"name\":\"Contacto\"}]}]}<\/script>\n<!-- \/ Yoast SEO plugin. -->","yoast_head_json":{"title":"Contacto - CiBUC","description":"\u00bfNecesitas aumentar la productividad de tu empresa gracias a la inteligencia de todos? Muchas empresas lo han probado con \u00e9xito. Contacta con nosotros.","robots":{"index":"noindex","follow":"follow","max-snippet":"max-snippet:-1","max-image-preview":"max-image-preview:large","max-video-preview":"max-video-preview:-1"},"og_locale":"es_ES","og_type":"article","og_title":"Contacto - CiBUC","og_description":"\u00bfNecesitas aumentar la productividad de tu empresa gracias a la inteligencia de todos? Muchas empresas lo han probado con \u00e9xito. Contacta con nosotros.","og_url":"https:\/\/www.cibuc.com\/nueva\/contacto\/","og_site_name":"CiBUC","article_modified_time":"2022-01-05T10:19:42+00:00","twitter_card":"summary_large_image","twitter_misc":{"Tiempo de lectura":"1 minuto"},"schema":{"@context":"https:\/\/schema.org","@graph":[{"@type":"WebSite","@id":"https:\/\/www.cibuc.com\/nueva\/#website","url":"https:\/\/www.cibuc.com\/nueva\/","name":"CiBUC","description":"Inteligencia Artificial Colectiva","potentialAction":[{"@type":"SearchAction","target":{"@type":"EntryPoint","urlTemplate":"https:\/\/www.cibuc.com\/nueva\/?s={search_term_string}"},"query-input":"required name=search_term_string"}],"inLanguage":"es"},{"@type":"WebPage","@id":"https:\/\/www.cibuc.com\/nueva\/contacto\/#webpage","url":"https:\/\/www.cibuc.com\/nueva\/contacto\/","name":"Contacto - CiBUC","isPartOf":{"@id":"https:\/\/www.cibuc.com\/nueva\/#website"},"datePublished":"2021-11-11T12:13:26+00:00","dateModified":"2022-01-05T10:19:42+00:00","description":"\u00bfNecesitas aumentar la productividad de tu empresa gracias a la inteligencia de todos? Muchas empresas lo han probado con \u00e9xito. Contacta con nosotros.","breadcrumb":{"@id":"https:\/\/www.cibuc.com\/nueva\/contacto\/#breadcrumb"},"inLanguage":"es","potentialAction":[{"@type":"ReadAction","target":["https:\/\/www.cibuc.com\/nueva\/contacto\/"]}]},{"@type":"BreadcrumbList","@id":"https:\/\/www.cibuc.com\/nueva\/contacto\/#breadcrumb","itemListElement":[{"@type":"ListItem","position":1,"name":"Home","item":"https:\/\/www.cibuc.com\/nueva\/"},{"@type":"ListItem","position":2,"name":"Contacto"}]}]}},"_links":{"self":[{"href":"https:\/\/www.cibuc.com\/nueva\/wp-json\/wp\/v2\/pages\/214","targetHints":{"allow":["GET"]}}],"collection":[{"href":"https:\/\/www.cibuc.com\/nueva\/wp-json\/wp\/v2\/pages"}],"about":[{"href":"https:\/\/www.cibuc.com\/nueva\/wp-json\/wp\/v2\/types\/page"}],"author":[{"embeddable":true,"href":"https:\/\/www.cibuc.com\/nueva\/wp-json\/wp\/v2\/users\/1"}],"replies":[{"embeddable":true,"href":"https:\/\/www.cibuc.com\/nueva\/wp-json\/wp\/v2\/comments?post=214"}],"version-history":[{"count":39,"href":"https:\/\/www.cibuc.com\/nueva\/wp-json\/wp\/v2\/pages\/214\/revisions"}],"predecessor-version":[{"id":622,"href":"https:\/\/www.cibuc.com\/nueva\/wp-json\/wp\/v2\/pages\/214\/revisions\/622"}],"wp:attachment":[{"href":"https:\/\/www.cibuc.com\/nueva\/wp-json\/wp\/v2\/media?parent=214"}],"curies":[{"name":"wp","href":"https:\/\/api.w.org\/{rel}","templated":true}]}}