{"id":385,"date":"2021-11-26T09:52:56","date_gmt":"2021-11-26T08:52:56","guid":{"rendered":"https:\/\/www.cibuc.com\/nueva\/?page_id=385"},"modified":"2022-01-05T15:58:47","modified_gmt":"2022-01-05T14:58:47","slug":"blog","status":"publish","type":"page","link":"https:\/\/www.cibuc.com\/nueva\/blog\/","title":{"rendered":"Blog"},"content":{"rendered":"\t\t<div data-elementor-type=\"wp-page\" data-elementor-id=\"385\" data-post-id=\"385\" data-obj-id=\"385\" class=\"elementor elementor-385 dce-elementor-post-385\" data-elementor-settings=\"[]\">\n\t\t\t\t\t\t<div class=\"elementor-inner\">\n\t\t\t\t\t\t\t<div class=\"elementor-section-wrap\">\n\t\t\t\t\t\t\t<section class=\"elementor-section elementor-top-section elementor-element elementor-element-144ec29 elementor-section-boxed elementor-section-height-default elementor-section-height-default\" data-id=\"144ec29\" data-element_type=\"section\">\n\t\t\t\t\t\t<div class=\"elementor-container elementor-column-gap-default\">\n\t\t\t\t\t\t\t<div class=\"elementor-row\">\n\t\t\t\t\t<div class=\"elementor-column elementor-col-100 elementor-top-column elementor-element elementor-element-88ecc38\" data-id=\"88ecc38\" data-element_type=\"column\">\n\t\t\t<div class=\"elementor-column-wrap elementor-element-populated\">\n\t\t\t\t\t\t\t<div class=\"elementor-widget-wrap\">\n\t\t\t\t\t\t<div class=\"elementor-element elementor-element-35a416f elementor-widget elementor-widget-heading\" data-id=\"35a416f\" data-element_type=\"widget\" data-widget_type=\"heading.default\">\n\t\t\t\t<div class=\"elementor-widget-container\">\n\t\t\t<h1 class=\"elementor-heading-title elementor-size-default\">BLOG<\/h1>\t\t<\/div>\n\t\t\t\t<\/div>\n\t\t\t\t\t\t<\/div>\n\t\t\t\t\t<\/div>\n\t\t<\/div>\n\t\t\t\t\t\t\t\t<\/div>\n\t\t\t\t\t<\/div>\n\t\t<\/section>\n\t\t\t\t\t\t<\/div>\n\t\t\t\t\t\t<\/div>\n\t\t\t\t\t<\/div>\n\t\t","protected":false},"excerpt":{"rendered":"<p>BLOG Goldcorp: hacia el primer ejemplo de crowdsourcing Las mejores decisiones no necesitan consenso, necesitan inteligencia Jos\u00e9 Mar\u00eda Gonz\u00e1lez: \u201cla inteligencia [artificial] colectiva surge al enfrentar a las ideas en lugar de enfrentar a las personas\u201d Inteligencia de enjambre, lo que necesitamos en la empresa Un cerebro colectivo como sin\u00f3nimo de esperanza Inteligencia [artificial] colectiva, &#8230; <a title=\"Blog\" class=\"read-more\" href=\"https:\/\/www.cibuc.com\/nueva\/blog\/\" aria-label=\"M\u00e1s en Blog\">Leer m\u00e1s<\/a><\/p>\n","protected":false},"author":1,"featured_media":0,"parent":0,"menu_order":0,"comment_status":"closed","ping_status":"closed","template":"elementor_header_footer","meta":{"footnotes":""},"class_list":["post-385","page","type-page","status-publish"],"acf":[],"yoast_head":"<!-- This site is optimized with the Yoast SEO plugin v17.6 - https:\/\/yoast.com\/wordpress\/plugins\/seo\/ -->\n<title>Blog - CiBUC<\/title>\n<meta name=\"robots\" content=\"noindex, follow, max-snippet:-1, max-image-preview:large, max-video-preview:-1\" \/>\n<meta property=\"og:locale\" content=\"es_ES\" \/>\n<meta property=\"og:type\" content=\"article\" \/>\n<meta property=\"og:title\" content=\"Blog - CiBUC\" \/>\n<meta property=\"og:description\" content=\"BLOG Goldcorp: hacia el primer ejemplo de crowdsourcing Las mejores decisiones no necesitan consenso, necesitan inteligencia Jos\u00e9 Mar\u00eda Gonz\u00e1lez: \u201cla inteligencia [artificial] colectiva surge al enfrentar a las ideas en lugar de enfrentar a las personas\u201d Inteligencia de enjambre, lo que necesitamos en la empresa Un cerebro colectivo como sin\u00f3nimo de esperanza Inteligencia [artificial] colectiva, ... Leer m\u00e1s\" \/>\n<meta property=\"og:url\" content=\"https:\/\/www.cibuc.com\/nueva\/blog\/\" \/>\n<meta property=\"og:site_name\" content=\"CiBUC\" \/>\n<meta property=\"article:modified_time\" content=\"2022-01-05T14:58:47+00:00\" \/>\n<meta property=\"og:image\" content=\"http:\/\/www.cibuc.com\/nueva\/wp-content\/uploads\/2020\/03\/ORO-de-Goldcorp.jpg\" \/>\n<meta name=\"twitter:card\" content=\"summary_large_image\" \/>\n<meta name=\"twitter:label1\" content=\"Tiempo de lectura\" \/>\n\t<meta name=\"twitter:data1\" content=\"3 minutos\" \/>\n<script type=\"application\/ld+json\" class=\"yoast-schema-graph\">{\"@context\":\"https:\/\/schema.org\",\"@graph\":[{\"@type\":\"WebSite\",\"@id\":\"https:\/\/www.cibuc.com\/nueva\/#website\",\"url\":\"https:\/\/www.cibuc.com\/nueva\/\",\"name\":\"CiBUC\",\"description\":\"Inteligencia Artificial Colectiva\",\"potentialAction\":[{\"@type\":\"SearchAction\",\"target\":{\"@type\":\"EntryPoint\",\"urlTemplate\":\"https:\/\/www.cibuc.com\/nueva\/?s={search_term_string}\"},\"query-input\":\"required name=search_term_string\"}],\"inLanguage\":\"es\"},{\"@type\":\"ImageObject\",\"@id\":\"https:\/\/www.cibuc.com\/nueva\/blog\/#primaryimage\",\"inLanguage\":\"es\",\"url\":\"http:\/\/www.cibuc.com\/nueva\/wp-content\/uploads\/2020\/03\/ORO-de-Goldcorp.jpg\",\"contentUrl\":\"http:\/\/www.cibuc.com\/nueva\/wp-content\/uploads\/2020\/03\/ORO-de-Goldcorp.jpg\"},{\"@type\":\"WebPage\",\"@id\":\"https:\/\/www.cibuc.com\/nueva\/blog\/#webpage\",\"url\":\"https:\/\/www.cibuc.com\/nueva\/blog\/\",\"name\":\"Blog - CiBUC\",\"isPartOf\":{\"@id\":\"https:\/\/www.cibuc.com\/nueva\/#website\"},\"primaryImageOfPage\":{\"@id\":\"https:\/\/www.cibuc.com\/nueva\/blog\/#primaryimage\"},\"datePublished\":\"2021-11-26T08:52:56+00:00\",\"dateModified\":\"2022-01-05T14:58:47+00:00\",\"breadcrumb\":{\"@id\":\"https:\/\/www.cibuc.com\/nueva\/blog\/#breadcrumb\"},\"inLanguage\":\"es\",\"potentialAction\":[{\"@type\":\"ReadAction\",\"target\":[\"https:\/\/www.cibuc.com\/nueva\/blog\/\"]}]},{\"@type\":\"BreadcrumbList\",\"@id\":\"https:\/\/www.cibuc.com\/nueva\/blog\/#breadcrumb\",\"itemListElement\":[{\"@type\":\"ListItem\",\"position\":1,\"name\":\"Home\",\"item\":\"https:\/\/www.cibuc.com\/nueva\/\"},{\"@type\":\"ListItem\",\"position\":2,\"name\":\"Blog\"}]}]}<\/script>\n<!-- \/ Yoast SEO plugin. -->","yoast_head_json":{"title":"Blog - CiBUC","robots":{"index":"noindex","follow":"follow","max-snippet":"max-snippet:-1","max-image-preview":"max-image-preview:large","max-video-preview":"max-video-preview:-1"},"og_locale":"es_ES","og_type":"article","og_title":"Blog - CiBUC","og_description":"BLOG Goldcorp: hacia el primer ejemplo de crowdsourcing Las mejores decisiones no necesitan consenso, necesitan inteligencia Jos\u00e9 Mar\u00eda Gonz\u00e1lez: \u201cla inteligencia [artificial] colectiva surge al enfrentar a las ideas en lugar de enfrentar a las personas\u201d Inteligencia de enjambre, lo que necesitamos en la empresa Un cerebro colectivo como sin\u00f3nimo de esperanza Inteligencia [artificial] colectiva, ... Leer m\u00e1s","og_url":"https:\/\/www.cibuc.com\/nueva\/blog\/","og_site_name":"CiBUC","article_modified_time":"2022-01-05T14:58:47+00:00","og_image":[{"url":"http:\/\/www.cibuc.com\/nueva\/wp-content\/uploads\/2020\/03\/ORO-de-Goldcorp.jpg"}],"twitter_card":"summary_large_image","twitter_misc":{"Tiempo de lectura":"3 minutos"},"schema":{"@context":"https:\/\/schema.org","@graph":[{"@type":"WebSite","@id":"https:\/\/www.cibuc.com\/nueva\/#website","url":"https:\/\/www.cibuc.com\/nueva\/","name":"CiBUC","description":"Inteligencia Artificial Colectiva","potentialAction":[{"@type":"SearchAction","target":{"@type":"EntryPoint","urlTemplate":"https:\/\/www.cibuc.com\/nueva\/?s={search_term_string}"},"query-input":"required name=search_term_string"}],"inLanguage":"es"},{"@type":"ImageObject","@id":"https:\/\/www.cibuc.com\/nueva\/blog\/#primaryimage","inLanguage":"es","url":"http:\/\/www.cibuc.com\/nueva\/wp-content\/uploads\/2020\/03\/ORO-de-Goldcorp.jpg","contentUrl":"http:\/\/www.cibuc.com\/nueva\/wp-content\/uploads\/2020\/03\/ORO-de-Goldcorp.jpg"},{"@type":"WebPage","@id":"https:\/\/www.cibuc.com\/nueva\/blog\/#webpage","url":"https:\/\/www.cibuc.com\/nueva\/blog\/","name":"Blog - CiBUC","isPartOf":{"@id":"https:\/\/www.cibuc.com\/nueva\/#website"},"primaryImageOfPage":{"@id":"https:\/\/www.cibuc.com\/nueva\/blog\/#primaryimage"},"datePublished":"2021-11-26T08:52:56+00:00","dateModified":"2022-01-05T14:58:47+00:00","breadcrumb":{"@id":"https:\/\/www.cibuc.com\/nueva\/blog\/#breadcrumb"},"inLanguage":"es","potentialAction":[{"@type":"ReadAction","target":["https:\/\/www.cibuc.com\/nueva\/blog\/"]}]},{"@type":"BreadcrumbList","@id":"https:\/\/www.cibuc.com\/nueva\/blog\/#breadcrumb","itemListElement":[{"@type":"ListItem","position":1,"name":"Home","item":"https:\/\/www.cibuc.com\/nueva\/"},{"@type":"ListItem","position":2,"name":"Blog"}]}]}},"_links":{"self":[{"href":"https:\/\/www.cibuc.com\/nueva\/wp-json\/wp\/v2\/pages\/385","targetHints":{"allow":["GET"]}}],"collection":[{"href":"https:\/\/www.cibuc.com\/nueva\/wp-json\/wp\/v2\/pages"}],"about":[{"href":"https:\/\/www.cibuc.com\/nueva\/wp-json\/wp\/v2\/types\/page"}],"author":[{"embeddable":true,"href":"https:\/\/www.cibuc.com\/nueva\/wp-json\/wp\/v2\/users\/1"}],"replies":[{"embeddable":true,"href":"https:\/\/www.cibuc.com\/nueva\/wp-json\/wp\/v2\/comments?post=385"}],"version-history":[{"count":23,"href":"https:\/\/www.cibuc.com\/nueva\/wp-json\/wp\/v2\/pages\/385\/revisions"}],"predecessor-version":[{"id":651,"href":"https:\/\/www.cibuc.com\/nueva\/wp-json\/wp\/v2\/pages\/385\/revisions\/651"}],"wp:attachment":[{"href":"https:\/\/www.cibuc.com\/nueva\/wp-json\/wp\/v2\/media?parent=385"}],"curies":[{"name":"wp","href":"https:\/\/api.w.org\/{rel}","templated":true}]}}